{"id":40,"date":"2025-02-13T21:29:21","date_gmt":"2025-02-13T21:29:21","guid":{"rendered":"https:\/\/www.sberatelekratomu-dokument.cz\/?page_id=40"},"modified":"2025-02-27T09:40:13","modified_gmt":"2025-02-27T09:40:13","slug":"kontakt","status":"publish","type":"page","link":"https:\/\/www.sberatelekratomu-dokument.cz\/index.php\/kontakt\/","title":{"rendered":"Kontakt"},"content":{"rendered":"\n<p>V p\u0159\u00edpad\u011b z\u00e1jmu o projekci filmu, pop\u0159. projekci s debatou pi\u0161te na e-mail:<\/p>\n\n\n\n<p>monika.horsakova@fpf.slu.cz<\/p>\n","protected":false},"excerpt":{"rendered":"<p>V p\u0159\u00edpad\u011b z\u00e1jmu o projekci filmu, pop\u0159. projekci s debatou pi\u0161te na e-mail: monika.horsakova@fpf.slu.cz<\/p>\n","protected":false},"author":1,"featured_media":65,"parent":0,"menu_order":0,"comment_status":"closed","ping_status":"closed","template":"","meta":{"footnotes":""},"class_list":["post-40","page","type-page","status-publish","has-post-thumbnail","hentry"],"_links":{"self":[{"href":"https:\/\/www.sberatelekratomu-dokument.cz\/index.php\/wp-json\/wp\/v2\/pages\/40","targetHints":{"allow":["GET"]}}],"collection":[{"href":"https:\/\/www.sberatelekratomu-dokument.cz\/index.php\/wp-json\/wp\/v2\/pages"}],"about":[{"href":"https:\/\/www.sberatelekratomu-dokument.cz\/index.php\/wp-json\/wp\/v2\/types\/page"}],"author":[{"embeddable":true,"href":"https:\/\/www.sberatelekratomu-dokument.cz\/index.php\/wp-json\/wp\/v2\/users\/1"}],"replies":[{"embeddable":true,"href":"https:\/\/www.sberatelekratomu-dokument.cz\/index.php\/wp-json\/wp\/v2\/comments?post=40"}],"version-history":[{"count":3,"href":"https:\/\/www.sberatelekratomu-dokument.cz\/index.php\/wp-json\/wp\/v2\/pages\/40\/revisions"}],"predecessor-version":[{"id":76,"href":"https:\/\/www.sberatelekratomu-dokument.cz\/index.php\/wp-json\/wp\/v2\/pages\/40\/revisions\/76"}],"wp:featuredmedia":[{"embeddable":true,"href":"https:\/\/www.sberatelekratomu-dokument.cz\/index.php\/wp-json\/wp\/v2\/media\/65"}],"wp:attachment":[{"href":"https:\/\/www.sberatelekratomu-dokument.cz\/index.php\/wp-json\/wp\/v2\/media?parent=40"}],"curies":[{"name":"wp","href":"https:\/\/api.w.org\/{rel}","templated":true}]}}