{"id":38,"date":"2025-02-13T21:27:39","date_gmt":"2025-02-13T21:27:39","guid":{"rendered":"https:\/\/www.sberatelekratomu-dokument.cz\/?page_id=38"},"modified":"2025-02-27T09:29:19","modified_gmt":"2025-02-27T09:29:19","slug":"o-filmu","status":"publish","type":"page","link":"https:\/\/www.sberatelekratomu-dokument.cz\/index.php\/o-filmu\/","title":{"rendered":"O filmu"},"content":{"rendered":"\n<p><strong>Kratom a jeho \u00fa\u010dinky jsou t\u00e9matem nov\u00e9ho dokument\u00e1rn\u00edho filmu student\u016f Slezsk\u00e9 univerzity s n\u00e1zvem Sb\u011bratel\u00e9 kratomu. Popul\u00e1rn\u011b-nau\u010dn\u00fd film vznikal v pr\u016fb\u011bhu roku<\/strong> <strong>2024<\/strong>. <strong>Koproducenty jsou Univerzita Tom\u00e1\u0161e Bati a spole\u010dnost Zeroin.<\/strong><\/p>\n\n\n\n<p>\u201eKratom je l\u00e1tka s psychomodula\u010dn\u00edmi \u00fa\u010dinky, kter\u00e1 se u n\u00e1s l\u00e9ta prod\u00e1vala jako sb\u011bratelsk\u00fd p\u0159edm\u011bt. V automatech nebo na internetu si ji mohl koupit kdokoli bez omezen\u00ed v\u011bku. Kratom se kv\u016fli tomu dostal do hled\u00e1\u010dku \u010desk\u00fdch m\u00e9di\u00ed a stal se kontroverzn\u00edm spole\u010densk\u00fdm t\u00e9matem. Informace \u0161\u00ed\u0159en\u00e9 v m\u00e9di\u00edch jsou v\u0161ak \u010dasto jednostrann\u00e9 nebo zav\u00e1d\u011bj\u00edc\u00ed. Sna\u017eili jsme se proto na problematiku kratomu pod\u00edvat komplexn\u011b \u2013 ze v\u0161ech mo\u017en\u00fdch perspektiv,\u201c vysv\u011btluje re\u017eis\u00e9r filmu Libor Cinegr. \u201eFilm div\u00e1ky zavede do Indon\u00e9sie, kde se rostlina Mitragyna Speciosa, z jejich\u017e list\u016f se popul\u00e1rn\u00ed zelen\u00fd pr\u00e1\u0161ek vyr\u00e1b\u00ed, p\u011bstuje, v\u011bnuje se zpracov\u00e1n\u00ed kratomu a jeho \u00fa\u010dink\u016fm a up\u00edr\u00e1 pozornost tak\u00e9 na p\u0159\u00edb\u011bhy lid\u00ed, jim\u017e kratom, a\u0165 u\u017e pozitivn\u011b \u010di negativn\u011b, zm\u011bnil \u017eivot,\u201c up\u0159es\u0148uje vedouc\u00ed \u00dastavu filmov\u00e9, televizn\u00ed a rozhlasov\u00e9 tvorby Monika Hors\u00e1kov\u00e1, kter\u00e1 je dramaturgyn\u00ed a jednou z vedouc\u00edch v\u00fdroby sn\u00edmku.<\/p>\n\n\n\n<p>\u201eKratom m\u016f\u017ee p\u0159i spr\u00e1vn\u00e9m u\u017eit\u00ed slou\u017eit jako l\u00e9k, bohu\u017eel je ale i snadno zneu\u017eitelnou a velmi n\u00e1vykovou drogou. Sna\u017eili jsme se tedy zjistit, jak\u00e1 je hranice mezi drogou a l\u00e9kem, kolik je v \u010cesk\u00e9 republice u\u017eivatel\u016f kratomu, jak\u00e9 jsou pozitivn\u00ed str\u00e1nky u\u017e\u00edv\u00e1n\u00ed t\u00e9to byliny a jak\u00e1 jsou jeho rizika nebo jak\u00fd l\u00e9\u010debn\u00fd potenci\u00e1l v sob\u011b kratom skr\u00fdv\u00e1,\u201c dod\u00e1v\u00e1 Libor Cinegr.<\/p>\n\n\n\n<p>Film m\u00e1 50 minut a nyn\u00ed jej \u010dek\u00e1 distribuce. \u201eR\u00e1di bychom ho uvedli na festivalech a v n\u011bkter\u00e9 z \u010desk\u00fdch televiz\u00ed. Nab\u00eddky m\u00e1me tak\u00e9 od n\u011bkter\u00fdch kin. Projekci filmu budeme nab\u00edzet tak\u00e9 \u0161kol\u00e1m. Za jednu z nejpodstatn\u011bj\u0161\u00edch v\u011bc\u00ed toti\u017e pova\u017eujeme pr\u00e1v\u011b edukaci ve\u0159ejnosti. V\u011b\u0159\u00edme, \u017ee n\u00e1\u0161 film by k n\u00ed mohl v\u00fdznamn\u011b p\u0159isp\u011bt,\u201c mysl\u00ed si Monika Hors\u00e1kov\u00e1.\u00a0<\/p>\n","protected":false},"excerpt":{"rendered":"<p>Kratom a jeho \u00fa\u010dinky jsou t\u00e9matem nov\u00e9ho dokument\u00e1rn\u00edho filmu student\u016f Slezsk\u00e9 univerzity s n\u00e1zvem Sb\u011bratel\u00e9 kratomu. Popul\u00e1rn\u011b-nau\u010dn\u00fd film vznikal v pr\u016fb\u011bhu roku 2024. Koproducenty jsou Univerzita Tom\u00e1\u0161e Bati a spole\u010dnost Zeroin. \u201eKratom je l\u00e1tka s psychomodula\u010dn\u00edmi \u00fa\u010dinky, kter\u00e1 se u n\u00e1s l\u00e9ta prod\u00e1vala jako sb\u011bratelsk\u00fd p\u0159edm\u011bt. V automatech nebo na internetu si ji mohl koupit &hellip; <\/p>\n<p class=\"link-more\"><a href=\"https:\/\/www.sberatelekratomu-dokument.cz\/index.php\/o-filmu\/\" class=\"more-link\">Pokra\u010dovat ve \u010dten\u00ed<span class=\"screen-reader-text\"> &#8222;O filmu&#8220;<\/span><\/a><\/p>\n","protected":false},"author":1,"featured_media":60,"parent":0,"menu_order":0,"comment_status":"closed","ping_status":"closed","template":"","meta":{"footnotes":""},"class_list":["post-38","page","type-page","status-publish","has-post-thumbnail","hentry"],"_links":{"self":[{"href":"https:\/\/www.sberatelekratomu-dokument.cz\/index.php\/wp-json\/wp\/v2\/pages\/38","targetHints":{"allow":["GET"]}}],"collection":[{"href":"https:\/\/www.sberatelekratomu-dokument.cz\/index.php\/wp-json\/wp\/v2\/pages"}],"about":[{"href":"https:\/\/www.sberatelekratomu-dokument.cz\/index.php\/wp-json\/wp\/v2\/types\/page"}],"author":[{"embeddable":true,"href":"https:\/\/www.sberatelekratomu-dokument.cz\/index.php\/wp-json\/wp\/v2\/users\/1"}],"replies":[{"embeddable":true,"href":"https:\/\/www.sberatelekratomu-dokument.cz\/index.php\/wp-json\/wp\/v2\/comments?post=38"}],"version-history":[{"count":1,"href":"https:\/\/www.sberatelekratomu-dokument.cz\/index.php\/wp-json\/wp\/v2\/pages\/38\/revisions"}],"predecessor-version":[{"id":39,"href":"https:\/\/www.sberatelekratomu-dokument.cz\/index.php\/wp-json\/wp\/v2\/pages\/38\/revisions\/39"}],"wp:featuredmedia":[{"embeddable":true,"href":"https:\/\/www.sberatelekratomu-dokument.cz\/index.php\/wp-json\/wp\/v2\/media\/60"}],"wp:attachment":[{"href":"https:\/\/www.sberatelekratomu-dokument.cz\/index.php\/wp-json\/wp\/v2\/media?parent=38"}],"curies":[{"name":"wp","href":"https:\/\/api.w.org\/{rel}","templated":true}]}}